{"id":100,"date":"2023-06-20T06:59:34","date_gmt":"2023-06-20T06:59:34","guid":{"rendered":"https:\/\/compliceemarketing.com\/?page_id=100"},"modified":"2026-02-10T10:37:25","modified_gmt":"2026-02-10T10:37:25","slug":"creation-site-internet-pas-cher-angers-contactez-moi","status":"publish","type":"page","link":"https:\/\/compliceemarketing.com\/?page_id=100","title":{"rendered":"CONTACT"},"content":{"rendered":"\t\t<div data-elementor-type=\"wp-page\" data-elementor-id=\"100\" class=\"elementor elementor-100\">\n\t\t\t\t\t\t<section class=\"elementor-section elementor-top-section elementor-element elementor-element-a5e46d9 elementor-section-boxed elementor-section-height-default elementor-section-height-default\" data-id=\"a5e46d9\" data-element_type=\"section\" data-e-type=\"section\">\n\t\t\t\t\t\t<div class=\"elementor-container elementor-column-gap-default\">\n\t\t\t\t\t<div class=\"elementor-column elementor-col-100 elementor-top-column elementor-element elementor-element-f45151e\" data-id=\"f45151e\" data-element_type=\"column\" data-e-type=\"column\">\n\t\t\t<div class=\"elementor-widget-wrap elementor-element-populated\">\n\t\t\t\t\t\t<div class=\"elementor-element elementor-element-82c120e elementor-shape-circle elementor-grid-3 e-grid-align-left e-grid-align-mobile-center elementor-widget elementor-widget-social-icons\" data-id=\"82c120e\" data-element_type=\"widget\" data-e-type=\"widget\" data-widget_type=\"social-icons.default\">\n\t\t\t\t<div class=\"elementor-widget-container\">\n\t\t\t\t\t\t\t<div class=\"elementor-social-icons-wrapper elementor-grid\" role=\"list\">\n\t\t\t\t\t\t\t<span class=\"elementor-grid-item\" role=\"listitem\">\n\t\t\t\t\t<a class=\"elementor-icon elementor-social-icon elementor-social-icon-facebook elementor-repeater-item-bdff4e7\" href=\"https:\/\/www.facebook.com\/profile.php?id=100093990774425\" target=\"_blank\">\n\t\t\t\t\t\t<span class=\"elementor-screen-only\">Facebook<\/span>\n\t\t\t\t\t\t<i aria-hidden=\"true\" class=\"fab fa-facebook\"><\/i>\t\t\t\t\t<\/a>\n\t\t\t\t<\/span>\n\t\t\t\t\t\t\t<span class=\"elementor-grid-item\" role=\"listitem\">\n\t\t\t\t\t<a class=\"elementor-icon elementor-social-icon elementor-social-icon-instagram elementor-repeater-item-5361a08\" href=\"https:\/\/www.instagram.com\/compliceemarketing\/\" target=\"_blank\">\n\t\t\t\t\t\t<span class=\"elementor-screen-only\">Instagram<\/span>\n\t\t\t\t\t\t<i aria-hidden=\"true\" class=\"fab fa-instagram\"><\/i>\t\t\t\t\t<\/a>\n\t\t\t\t<\/span>\n\t\t\t\t\t<\/div>\n\t\t\t\t\t\t<\/div>\n\t\t\t\t<\/div>\n\t\t\t\t\t<\/div>\n\t\t<\/div>\n\t\t\t\t\t<\/div>\n\t\t<\/section>\n\t\t\t\t<section class=\"elementor-section elementor-top-section elementor-element elementor-element-7574b006 elementor-section-boxed elementor-section-height-default elementor-section-height-default\" data-id=\"7574b006\" data-element_type=\"section\" data-e-type=\"section\">\n\t\t\t\t\t\t<div class=\"elementor-container elementor-column-gap-default\">\n\t\t\t\t\t<div class=\"elementor-column elementor-col-100 elementor-top-column elementor-element elementor-element-1fd92363\" data-id=\"1fd92363\" data-element_type=\"column\" data-e-type=\"column\">\n\t\t\t<div class=\"elementor-widget-wrap elementor-element-populated\">\n\t\t\t\t\t\t<div class=\"elementor-element elementor-element-1bb20dd elementor-widget elementor-widget-spacer\" data-id=\"1bb20dd\" data-element_type=\"widget\" data-e-type=\"widget\" data-widget_type=\"spacer.default\">\n\t\t\t\t<div class=\"elementor-widget-container\">\n\t\t\t\t\t\t\t<div class=\"elementor-spacer\">\n\t\t\t<div class=\"elementor-spacer-inner\"><\/div>\n\t\t<\/div>\n\t\t\t\t\t\t<\/div>\n\t\t\t\t<\/div>\n\t\t\t\t<div class=\"elementor-element elementor-element-48094b5 elementor-widget elementor-widget-heading\" data-id=\"48094b5\" data-element_type=\"widget\" data-e-type=\"widget\" data-widget_type=\"heading.default\">\n\t\t\t\t<div class=\"elementor-widget-container\">\n\t\t\t\t\t<h2 class=\"elementor-heading-title elementor-size-large\">Cr\u00e9ation de site internet (vitrine) pr\u00e8s d\u2019Angers 49, contactez-moi et discutons de votre projet ENSEMBLE ! <\/h2>\t\t\t\t<\/div>\n\t\t\t\t<\/div>\n\t\t\t\t<div class=\"elementor-element elementor-element-d34423d elementor-view-default elementor-widget elementor-widget-icon\" data-id=\"d34423d\" data-element_type=\"widget\" data-e-type=\"widget\" data-widget_type=\"icon.default\">\n\t\t\t\t<div class=\"elementor-widget-container\">\n\t\t\t\t\t\t\t<div class=\"elementor-icon-wrapper\">\n\t\t\t<div class=\"elementor-icon elementor-animation-sink\">\n\t\t\t<i aria-hidden=\"true\" class=\"far fa-grin-wink\"><\/i>\t\t\t<\/div>\n\t\t<\/div>\n\t\t\t\t\t\t<\/div>\n\t\t\t\t<\/div>\n\t\t\t\t\t<\/div>\n\t\t<\/div>\n\t\t\t\t\t<\/div>\n\t\t<\/section>\n\t\t\t\t<section class=\"elementor-section elementor-top-section elementor-element elementor-element-e2993b2 animated-slow elementor-section-boxed elementor-section-height-default elementor-section-height-default elementor-invisible\" data-id=\"e2993b2\" data-element_type=\"section\" data-e-type=\"section\" data-settings=\"{&quot;background_background&quot;:&quot;classic&quot;,&quot;shape_divider_top&quot;:&quot;opacity-tilt&quot;,&quot;animation&quot;:&quot;fadeInLeft&quot;}\">\n\t\t\t\t\t\t\t<div class=\"elementor-background-overlay\"><\/div>\n\t\t\t\t\t\t<div class=\"elementor-shape elementor-shape-top\" aria-hidden=\"true\" data-negative=\"false\">\n\t\t\t<svg xmlns=\"http:\/\/www.w3.org\/2000\/svg\" viewBox=\"0 0 2600 131.1\" preserveAspectRatio=\"none\">\n\t<path class=\"elementor-shape-fill\" d=\"M0 0L2600 0 2600 69.1 0 0z\"\/>\n\t<path class=\"elementor-shape-fill\" style=\"opacity:0.5\" d=\"M0 0L2600 0 2600 69.1 0 69.1z\"\/>\n\t<path class=\"elementor-shape-fill\" style=\"opacity:0.25\" d=\"M2600 0L0 0 0 130.1 2600 69.1z\"\/>\n<\/svg>\t\t<\/div>\n\t\t\t\t\t<div class=\"elementor-container elementor-column-gap-default\">\n\t\t\t\t\t<div class=\"elementor-column elementor-col-100 elementor-top-column elementor-element elementor-element-8bb32ac\" data-id=\"8bb32ac\" data-element_type=\"column\" data-e-type=\"column\">\n\t\t\t<div class=\"elementor-widget-wrap elementor-element-populated\">\n\t\t\t\t\t\t<div class=\"elementor-element elementor-element-3de21b9 elementor-widget elementor-widget-google_maps\" data-id=\"3de21b9\" data-element_type=\"widget\" data-e-type=\"widget\" data-widget_type=\"google_maps.default\">\n\t\t\t\t<div class=\"elementor-widget-container\">\n\t\t\t\t\t\t\t<div class=\"elementor-custom-embed\">\n\t\t\t<iframe loading=\"lazy\"\n\t\t\t\t\tsrc=\"https:\/\/maps.google.com\/maps?q=Mir%C3%A9&#038;t=m&#038;z=9&#038;output=embed&#038;iwloc=near\"\n\t\t\t\t\ttitle=\"Mir\u00e9\"\n\t\t\t\t\taria-label=\"Mir\u00e9\"\n\t\t\t><\/iframe>\n\t\t<\/div>\n\t\t\t\t\t\t<\/div>\n\t\t\t\t<\/div>\n\t\t\t\t\t<\/div>\n\t\t<\/div>\n\t\t\t\t\t<\/div>\n\t\t<\/section>\n\t\t\t\t<section class=\"elementor-section elementor-top-section elementor-element elementor-element-936bab9 elementor-section-boxed elementor-section-height-default elementor-section-height-default\" data-id=\"936bab9\" data-element_type=\"section\" data-e-type=\"section\">\n\t\t\t\t\t\t<div class=\"elementor-container elementor-column-gap-default\">\n\t\t\t\t\t<div class=\"elementor-column elementor-col-100 elementor-top-column elementor-element elementor-element-0ae1225\" data-id=\"0ae1225\" data-element_type=\"column\" data-e-type=\"column\">\n\t\t\t<div class=\"elementor-widget-wrap elementor-element-populated\">\n\t\t\t\t\t\t<div class=\"elementor-element elementor-element-c084e7b elementor-invisible elementor-widget elementor-widget-heading\" data-id=\"c084e7b\" data-element_type=\"widget\" data-e-type=\"widget\" data-settings=\"{&quot;_animation&quot;:&quot;pulse&quot;}\" data-widget_type=\"heading.default\">\n\t\t\t\t<div class=\"elementor-widget-container\">\n\t\t\t\t\t<h2 class=\"elementor-heading-title elementor-size-default\">Implant\u00e9e dans le Maine-et-Loire \u00e0 c\u00f4t\u00e9 d'Angers, et entour\u00e9e par La Sarthe et La Mayenne, je me d\u00e9place aux alentours d'environ 45 km !<\/h2>\t\t\t\t<\/div>\n\t\t\t\t<\/div>\n\t\t\t\t\t<\/div>\n\t\t<\/div>\n\t\t\t\t\t<\/div>\n\t\t<\/section>\n\t\t\t\t<section class=\"elementor-section elementor-top-section elementor-element elementor-element-6aff594 elementor-section-boxed elementor-section-height-default elementor-section-height-default\" data-id=\"6aff594\" data-element_type=\"section\" data-e-type=\"section\">\n\t\t\t\t\t\t<div class=\"elementor-container elementor-column-gap-default\">\n\t\t\t\t\t<div class=\"elementor-column elementor-col-100 elementor-top-column elementor-element elementor-element-e5e5c6b\" data-id=\"e5e5c6b\" data-element_type=\"column\" data-e-type=\"column\">\n\t\t\t<div class=\"elementor-widget-wrap elementor-element-populated\">\n\t\t\t\t\t\t<div class=\"elementor-element elementor-element-433662d elementor-widget elementor-widget-spacer\" data-id=\"433662d\" data-element_type=\"widget\" data-e-type=\"widget\" data-widget_type=\"spacer.default\">\n\t\t\t\t<div class=\"elementor-widget-container\">\n\t\t\t\t\t\t\t<div class=\"elementor-spacer\">\n\t\t\t<div class=\"elementor-spacer-inner\"><\/div>\n\t\t<\/div>\n\t\t\t\t\t\t<\/div>\n\t\t\t\t<\/div>\n\t\t\t\t<div class=\"elementor-element elementor-element-9e10241 elementor-widget elementor-widget-image\" data-id=\"9e10241\" data-element_type=\"widget\" data-e-type=\"widget\" data-widget_type=\"image.default\">\n\t\t\t\t<div class=\"elementor-widget-container\">\n\t\t\t\t\t\t\t\t\t\t\t\t\t\t\t\t<a href=\"https:\/\/compliceemarketing.com\/qui-suis-je\/\">\n\t\t\t\t\t\t\t<img fetchpriority=\"high\" decoding=\"async\" width=\"245\" height=\"300\" src=\"https:\/\/compliceemarketing.com\/wp-content\/uploads\/2023\/06\/DSC97422-1-245x300.jpg\" class=\"attachment-medium size-medium wp-image-63\" alt=\"\" srcset=\"https:\/\/compliceemarketing.com\/wp-content\/uploads\/2023\/06\/DSC97422-1-245x300.jpg 245w, https:\/\/compliceemarketing.com\/wp-content\/uploads\/2023\/06\/DSC97422-1-836x1024.jpg 836w, https:\/\/compliceemarketing.com\/wp-content\/uploads\/2023\/06\/DSC97422-1-768x941.jpg 768w, https:\/\/compliceemarketing.com\/wp-content\/uploads\/2023\/06\/DSC97422-1-1254x1536.jpg 1254w, https:\/\/compliceemarketing.com\/wp-content\/uploads\/2023\/06\/DSC97422-1-1672x2048.jpg 1672w\" sizes=\"(max-width: 245px) 100vw, 245px\" \/>\t\t\t\t\t\t\t\t<\/a>\n\t\t\t\t\t\t\t\t\t\t\t\t\t\t\t<\/div>\n\t\t\t\t<\/div>\n\t\t\t\t<div class=\"elementor-element elementor-element-ad7a271 elementor-widget elementor-widget-text-editor\" data-id=\"ad7a271\" data-element_type=\"widget\" data-e-type=\"widget\" data-widget_type=\"text-editor.default\">\n\t\t\t\t<div class=\"elementor-widget-container\">\n\t\t\t\t\t\t\t\t\t<p>N&rsquo;h\u00e9sitez plus ! Contactez-moi, votre visibilit\u00e9 est ma priorit\u00e9.<\/p>\t\t\t\t\t\t\t\t<\/div>\n\t\t\t\t<\/div>\n\t\t\t\t<div class=\"elementor-element elementor-element-017a9e7 elementor-widget elementor-widget-spacer\" data-id=\"017a9e7\" data-element_type=\"widget\" data-e-type=\"widget\" data-widget_type=\"spacer.default\">\n\t\t\t\t<div class=\"elementor-widget-container\">\n\t\t\t\t\t\t\t<div class=\"elementor-spacer\">\n\t\t\t<div class=\"elementor-spacer-inner\"><\/div>\n\t\t<\/div>\n\t\t\t\t\t\t<\/div>\n\t\t\t\t<\/div>\n\t\t\t\t<div class=\"elementor-element elementor-element-e281329 elementor-view-framed elementor-shape-circle elementor-position-block-start elementor-mobile-position-block-start elementor-widget elementor-widget-icon-box\" data-id=\"e281329\" data-element_type=\"widget\" data-e-type=\"widget\" data-widget_type=\"icon-box.default\">\n\t\t\t\t<div class=\"elementor-widget-container\">\n\t\t\t\t\t\t\t<div class=\"elementor-icon-box-wrapper\">\n\n\t\t\t\t\t\t<div class=\"elementor-icon-box-icon\">\n\t\t\t\t<span  class=\"elementor-icon elementor-animation-buzz\">\n\t\t\t\t<i aria-hidden=\"true\" class=\"fas fa-phone-square-alt\"><\/i>\t\t\t\t<\/span>\n\t\t\t<\/div>\n\t\t\t\n\t\t\t\t\t\t<div class=\"elementor-icon-box-content\">\n\n\t\t\t\t\t\t\t\t\t<h3 class=\"elementor-icon-box-title\">\n\t\t\t\t\t\t<span  >\n\t\t\t\t\t\t\tContact t\u00e9l\u00e9phonique\t\t\t\t\t\t<\/span>\n\t\t\t\t\t<\/h3>\n\t\t\t\t\n\t\t\t\t\t\t\t\t\t<p class=\"elementor-icon-box-description\">\n\t\t\t\t\t\t06-46-05-16-62\t\t\t\t\t<\/p>\n\t\t\t\t\n\t\t\t<\/div>\n\t\t\t\n\t\t<\/div>\n\t\t\t\t\t\t<\/div>\n\t\t\t\t<\/div>\n\t\t\t\t<div class=\"elementor-element elementor-element-664cda6 elementor-view-framed elementor-shape-circle elementor-position-block-start elementor-mobile-position-block-start elementor-widget elementor-widget-icon-box\" data-id=\"664cda6\" data-element_type=\"widget\" data-e-type=\"widget\" data-widget_type=\"icon-box.default\">\n\t\t\t\t<div class=\"elementor-widget-container\">\n\t\t\t\t\t\t\t<div class=\"elementor-icon-box-wrapper\">\n\n\t\t\t\t\t\t<div class=\"elementor-icon-box-icon\">\n\t\t\t\t<span  class=\"elementor-icon\">\n\t\t\t\t<i aria-hidden=\"true\" class=\"fas fa-mail-bulk\"><\/i>\t\t\t\t<\/span>\n\t\t\t<\/div>\n\t\t\t\n\t\t\t\t\t\t<div class=\"elementor-icon-box-content\">\n\n\t\t\t\t\t\t\t\t\t<h3 class=\"elementor-icon-box-title\">\n\t\t\t\t\t\t<span  >\n\t\t\t\t\t\t\tAdresse mail\t\t\t\t\t\t<\/span>\n\t\t\t\t\t<\/h3>\n\t\t\t\t\n\t\t\t\t\t\t\t\t\t<p class=\"elementor-icon-box-description\">\n\t\t\t\t\t\tcompliceemarketing@gmail.com \t\t\t\t\t<\/p>\n\t\t\t\t\n\t\t\t<\/div>\n\t\t\t\n\t\t<\/div>\n\t\t\t\t\t\t<\/div>\n\t\t\t\t<\/div>\n\t\t\t\t\t<\/div>\n\t\t<\/div>\n\t\t\t\t\t<\/div>\n\t\t<\/section>\n\t\t\t\t<\/div>\n\t\t","protected":false},"excerpt":{"rendered":"<p>Facebook Instagram Cr\u00e9ation de site internet (vitrine) pr\u00e8s d\u2019Angers 49, contactez-moi et discutons de votre projet ENSEMBLE ! Implant\u00e9e dans le Maine-et-Loire \u00e0 c\u00f4t\u00e9 d&rsquo;Angers, et entour\u00e9e par La Sarthe et La Mayenne, je me d\u00e9place aux alentours d&rsquo;environ 45 km ! N&rsquo;h\u00e9sitez plus ! Contactez-moi, votre visibilit\u00e9 est ma priorit\u00e9. Contact t\u00e9l\u00e9phonique 06-46-05-16-62 Adresse [&hellip;]<\/p>\n","protected":false},"author":1,"featured_media":0,"parent":0,"menu_order":0,"comment_status":"closed","ping_status":"closed","template":"","meta":{"site-sidebar-layout":"default","site-content-layout":"","ast-site-content-layout":"default","site-content-style":"default","site-sidebar-style":"default","ast-global-header-display":"","ast-banner-title-visibility":"","ast-main-header-display":"","ast-hfb-above-header-display":"","ast-hfb-below-header-display":"","ast-hfb-mobile-header-display":"","site-post-title":"","ast-breadcrumbs-content":"","ast-featured-img":"","footer-sml-layout":"","ast-disable-related-posts":"","theme-transparent-header-meta":"","adv-header-id-meta":"","stick-header-meta":"","header-above-stick-meta":"","header-main-stick-meta":"","header-below-stick-meta":"","astra-migrate-meta-layouts":"set","ast-page-background-enabled":"default","ast-page-background-meta":{"desktop":{"background-color":"var(--ast-global-color-4)","background-image":"","background-repeat":"repeat","background-position":"center center","background-size":"auto","background-attachment":"scroll","background-type":"","background-media":"","overlay-type":"","overlay-color":"","overlay-opacity":"","overlay-gradient":""},"tablet":{"background-color":"","background-image":"","background-repeat":"repeat","background-position":"center center","background-size":"auto","background-attachment":"scroll","background-type":"","background-media":"","overlay-type":"","overlay-color":"","overlay-opacity":"","overlay-gradient":""},"mobile":{"background-color":"","background-image":"","background-repeat":"repeat","background-position":"center center","background-size":"auto","background-attachment":"scroll","background-type":"","background-media":"","overlay-type":"","overlay-color":"","overlay-opacity":"","overlay-gradient":""}},"ast-content-background-meta":{"desktop":{"background-color":"var(--ast-global-color-5)","background-image":"","background-repeat":"repeat","background-position":"center center","background-size":"auto","background-attachment":"scroll","background-type":"","background-media":"","overlay-type":"","overlay-color":"","overlay-opacity":"","overlay-gradient":""},"tablet":{"background-color":"var(--ast-global-color-5)","background-image":"","background-repeat":"repeat","background-position":"center center","background-size":"auto","background-attachment":"scroll","background-type":"","background-media":"","overlay-type":"","overlay-color":"","overlay-opacity":"","overlay-gradient":""},"mobile":{"background-color":"var(--ast-global-color-5)","background-image":"","background-repeat":"repeat","background-position":"center center","background-size":"auto","background-attachment":"scroll","background-type":"","background-media":"","overlay-type":"","overlay-color":"","overlay-opacity":"","overlay-gradient":""}},"footnotes":""},"class_list":["post-100","page","type-page","status-publish","hentry"],"yoast_head":"<!-- This site is optimized with the Yoast SEO plugin v27.4 - https:\/\/yoast.com\/product\/yoast-seo-wordpress\/ -->\n<title>cr\u00e9ation site internet pas cher Angers<\/title>\n<meta name=\"description\" content=\"Maine-et-Loire (49), cr\u00e9ation de votre site internet pas cher Angers, contactez-moi &amp; discutons de votre projet ENSEMBLE.\" \/>\n<meta name=\"robots\" content=\"index, follow, max-snippet:-1, max-image-preview:large, max-video-preview:-1\" \/>\n<link rel=\"canonical\" href=\"https:\/\/compliceemarketing.com\/?page_id=100\" \/>\n<meta property=\"og:locale\" content=\"fr_FR\" \/>\n<meta property=\"og:type\" content=\"article\" \/>\n<meta property=\"og:title\" content=\"cr\u00e9ation site internet pas cher Angers\" \/>\n<meta property=\"og:description\" content=\"Maine-et-Loire (49), cr\u00e9ation de votre site internet pas cher Angers, contactez-moi &amp; discutons de votre projet ENSEMBLE.\" \/>\n<meta property=\"og:url\" content=\"https:\/\/compliceemarketing.com\/?page_id=100\" \/>\n<meta property=\"article:modified_time\" content=\"2026-02-10T10:37:25+00:00\" \/>\n<meta property=\"og:image\" content=\"https:\/\/compliceemarketing.com\/wp-content\/uploads\/2023\/06\/DSC97422-1-scaled.jpg\" \/>\n\t<meta property=\"og:image:width\" content=\"2090\" \/>\n\t<meta property=\"og:image:height\" content=\"2560\" \/>\n\t<meta property=\"og:image:type\" content=\"image\/jpeg\" \/>\n<meta name=\"twitter:card\" content=\"summary_large_image\" \/>\n<meta name=\"twitter:label1\" content=\"Dur\u00e9e de lecture estim\u00e9e\" \/>\n\t<meta name=\"twitter:data1\" content=\"1 minute\" \/>\n<script type=\"application\/ld+json\" class=\"yoast-schema-graph\">{\"@context\":\"https:\\\/\\\/schema.org\",\"@graph\":[{\"@type\":\"WebPage\",\"@id\":\"https:\\\/\\\/compliceemarketing.com\\\/?page_id=100\",\"url\":\"https:\\\/\\\/compliceemarketing.com\\\/?page_id=100\",\"name\":\"cr\u00e9ation site internet pas cher Angers\",\"isPartOf\":{\"@id\":\"https:\\\/\\\/compliceemarketing.com\\\/#website\"},\"primaryImageOfPage\":{\"@id\":\"https:\\\/\\\/compliceemarketing.com\\\/?page_id=100#primaryimage\"},\"image\":{\"@id\":\"https:\\\/\\\/compliceemarketing.com\\\/?page_id=100#primaryimage\"},\"thumbnailUrl\":\"http:\\\/\\\/compliceemarketing.com\\\/wp-content\\\/uploads\\\/2023\\\/06\\\/DSC97422-1-245x300.jpg\",\"datePublished\":\"2023-06-20T06:59:34+00:00\",\"dateModified\":\"2026-02-10T10:37:25+00:00\",\"description\":\"Maine-et-Loire (49), cr\u00e9ation de votre site internet pas cher Angers, contactez-moi & discutons de votre projet ENSEMBLE.\",\"breadcrumb\":{\"@id\":\"https:\\\/\\\/compliceemarketing.com\\\/?page_id=100#breadcrumb\"},\"inLanguage\":\"fr-FR\",\"potentialAction\":[{\"@type\":\"ReadAction\",\"target\":[\"https:\\\/\\\/compliceemarketing.com\\\/?page_id=100\"]}]},{\"@type\":\"ImageObject\",\"inLanguage\":\"fr-FR\",\"@id\":\"https:\\\/\\\/compliceemarketing.com\\\/?page_id=100#primaryimage\",\"url\":\"https:\\\/\\\/compliceemarketing.com\\\/wp-content\\\/uploads\\\/2023\\\/06\\\/DSC97422-1-scaled.jpg\",\"contentUrl\":\"https:\\\/\\\/compliceemarketing.com\\\/wp-content\\\/uploads\\\/2023\\\/06\\\/DSC97422-1-scaled.jpg\",\"width\":2090,\"height\":2560,\"caption\":\"SONY DSC\"},{\"@type\":\"BreadcrumbList\",\"@id\":\"https:\\\/\\\/compliceemarketing.com\\\/?page_id=100#breadcrumb\",\"itemListElement\":[{\"@type\":\"ListItem\",\"position\":1,\"name\":\"Accueil\",\"item\":\"https:\\\/\\\/compliceemarketing.com\\\/\"},{\"@type\":\"ListItem\",\"position\":2,\"name\":\"CONTACT\"}]},{\"@type\":\"WebSite\",\"@id\":\"https:\\\/\\\/compliceemarketing.com\\\/#website\",\"url\":\"https:\\\/\\\/compliceemarketing.com\\\/\",\"name\":\"COMPLICE\",\"description\":\"\",\"publisher\":{\"@id\":\"https:\\\/\\\/compliceemarketing.com\\\/#\\\/schema\\\/person\\\/743ad38d41970b94c8e6e5c868d0a3ec\"},\"potentialAction\":[{\"@type\":\"SearchAction\",\"target\":{\"@type\":\"EntryPoint\",\"urlTemplate\":\"https:\\\/\\\/compliceemarketing.com\\\/?s={search_term_string}\"},\"query-input\":{\"@type\":\"PropertyValueSpecification\",\"valueRequired\":true,\"valueName\":\"search_term_string\"}}],\"inLanguage\":\"fr-FR\"},{\"@type\":[\"Person\",\"Organization\"],\"@id\":\"https:\\\/\\\/compliceemarketing.com\\\/#\\\/schema\\\/person\\\/743ad38d41970b94c8e6e5c868d0a3ec\",\"name\":\"emilie\",\"image\":{\"@type\":\"ImageObject\",\"inLanguage\":\"fr-FR\",\"@id\":\"https:\\\/\\\/compliceemarketing.com\\\/wp-content\\\/uploads\\\/2023\\\/06\\\/cropped-cropped-ICONE-SITE-1.png\",\"url\":\"https:\\\/\\\/compliceemarketing.com\\\/wp-content\\\/uploads\\\/2023\\\/06\\\/cropped-cropped-ICONE-SITE-1.png\",\"contentUrl\":\"https:\\\/\\\/compliceemarketing.com\\\/wp-content\\\/uploads\\\/2023\\\/06\\\/cropped-cropped-ICONE-SITE-1.png\",\"width\":512,\"height\":404,\"caption\":\"emilie\"},\"logo\":{\"@id\":\"https:\\\/\\\/compliceemarketing.com\\\/wp-content\\\/uploads\\\/2023\\\/06\\\/cropped-cropped-ICONE-SITE-1.png\"},\"sameAs\":[\"https:\\\/\\\/compliceemarketing.com\"]}]}<\/script>\n<!-- \/ Yoast SEO plugin. -->","yoast_head_json":{"title":"cr\u00e9ation site internet pas cher Angers","description":"Maine-et-Loire (49), cr\u00e9ation de votre site internet pas cher Angers, contactez-moi & discutons de votre projet ENSEMBLE.","robots":{"index":"index","follow":"follow","max-snippet":"max-snippet:-1","max-image-preview":"max-image-preview:large","max-video-preview":"max-video-preview:-1"},"canonical":"https:\/\/compliceemarketing.com\/?page_id=100","og_locale":"fr_FR","og_type":"article","og_title":"cr\u00e9ation site internet pas cher Angers","og_description":"Maine-et-Loire (49), cr\u00e9ation de votre site internet pas cher Angers, contactez-moi & discutons de votre projet ENSEMBLE.","og_url":"https:\/\/compliceemarketing.com\/?page_id=100","article_modified_time":"2026-02-10T10:37:25+00:00","og_image":[{"width":2090,"height":2560,"url":"https:\/\/compliceemarketing.com\/wp-content\/uploads\/2023\/06\/DSC97422-1-scaled.jpg","type":"image\/jpeg"}],"twitter_card":"summary_large_image","twitter_misc":{"Dur\u00e9e de lecture estim\u00e9e":"1 minute"},"schema":{"@context":"https:\/\/schema.org","@graph":[{"@type":"WebPage","@id":"https:\/\/compliceemarketing.com\/?page_id=100","url":"https:\/\/compliceemarketing.com\/?page_id=100","name":"cr\u00e9ation site internet pas cher Angers","isPartOf":{"@id":"https:\/\/compliceemarketing.com\/#website"},"primaryImageOfPage":{"@id":"https:\/\/compliceemarketing.com\/?page_id=100#primaryimage"},"image":{"@id":"https:\/\/compliceemarketing.com\/?page_id=100#primaryimage"},"thumbnailUrl":"http:\/\/compliceemarketing.com\/wp-content\/uploads\/2023\/06\/DSC97422-1-245x300.jpg","datePublished":"2023-06-20T06:59:34+00:00","dateModified":"2026-02-10T10:37:25+00:00","description":"Maine-et-Loire (49), cr\u00e9ation de votre site internet pas cher Angers, contactez-moi & discutons de votre projet ENSEMBLE.","breadcrumb":{"@id":"https:\/\/compliceemarketing.com\/?page_id=100#breadcrumb"},"inLanguage":"fr-FR","potentialAction":[{"@type":"ReadAction","target":["https:\/\/compliceemarketing.com\/?page_id=100"]}]},{"@type":"ImageObject","inLanguage":"fr-FR","@id":"https:\/\/compliceemarketing.com\/?page_id=100#primaryimage","url":"https:\/\/compliceemarketing.com\/wp-content\/uploads\/2023\/06\/DSC97422-1-scaled.jpg","contentUrl":"https:\/\/compliceemarketing.com\/wp-content\/uploads\/2023\/06\/DSC97422-1-scaled.jpg","width":2090,"height":2560,"caption":"SONY DSC"},{"@type":"BreadcrumbList","@id":"https:\/\/compliceemarketing.com\/?page_id=100#breadcrumb","itemListElement":[{"@type":"ListItem","position":1,"name":"Accueil","item":"https:\/\/compliceemarketing.com\/"},{"@type":"ListItem","position":2,"name":"CONTACT"}]},{"@type":"WebSite","@id":"https:\/\/compliceemarketing.com\/#website","url":"https:\/\/compliceemarketing.com\/","name":"COMPLICE","description":"","publisher":{"@id":"https:\/\/compliceemarketing.com\/#\/schema\/person\/743ad38d41970b94c8e6e5c868d0a3ec"},"potentialAction":[{"@type":"SearchAction","target":{"@type":"EntryPoint","urlTemplate":"https:\/\/compliceemarketing.com\/?s={search_term_string}"},"query-input":{"@type":"PropertyValueSpecification","valueRequired":true,"valueName":"search_term_string"}}],"inLanguage":"fr-FR"},{"@type":["Person","Organization"],"@id":"https:\/\/compliceemarketing.com\/#\/schema\/person\/743ad38d41970b94c8e6e5c868d0a3ec","name":"emilie","image":{"@type":"ImageObject","inLanguage":"fr-FR","@id":"https:\/\/compliceemarketing.com\/wp-content\/uploads\/2023\/06\/cropped-cropped-ICONE-SITE-1.png","url":"https:\/\/compliceemarketing.com\/wp-content\/uploads\/2023\/06\/cropped-cropped-ICONE-SITE-1.png","contentUrl":"https:\/\/compliceemarketing.com\/wp-content\/uploads\/2023\/06\/cropped-cropped-ICONE-SITE-1.png","width":512,"height":404,"caption":"emilie"},"logo":{"@id":"https:\/\/compliceemarketing.com\/wp-content\/uploads\/2023\/06\/cropped-cropped-ICONE-SITE-1.png"},"sameAs":["https:\/\/compliceemarketing.com"]}]}},"_links":{"self":[{"href":"https:\/\/compliceemarketing.com\/index.php?rest_route=\/wp\/v2\/pages\/100","targetHints":{"allow":["GET"]}}],"collection":[{"href":"https:\/\/compliceemarketing.com\/index.php?rest_route=\/wp\/v2\/pages"}],"about":[{"href":"https:\/\/compliceemarketing.com\/index.php?rest_route=\/wp\/v2\/types\/page"}],"author":[{"embeddable":true,"href":"https:\/\/compliceemarketing.com\/index.php?rest_route=\/wp\/v2\/users\/1"}],"replies":[{"embeddable":true,"href":"https:\/\/compliceemarketing.com\/index.php?rest_route=%2Fwp%2Fv2%2Fcomments&post=100"}],"version-history":[{"count":13,"href":"https:\/\/compliceemarketing.com\/index.php?rest_route=\/wp\/v2\/pages\/100\/revisions"}],"predecessor-version":[{"id":1191,"href":"https:\/\/compliceemarketing.com\/index.php?rest_route=\/wp\/v2\/pages\/100\/revisions\/1191"}],"wp:attachment":[{"href":"https:\/\/compliceemarketing.com\/index.php?rest_route=%2Fwp%2Fv2%2Fmedia&parent=100"}],"curies":[{"name":"wp","href":"https:\/\/api.w.org\/{rel}","templated":true}]}}